{"id":14,"date":"2011-01-14T10:57:00","date_gmt":"2011-01-14T09:57:00","guid":{"rendered":"http:\/\/www.livrescq.com\/?page_id=14"},"modified":"2019-10-22T16:15:00","modified_gmt":"2019-10-22T15:15:00","slug":"contacts","status":"publish","type":"page","link":"https:\/\/www.livrescq.com\/livrescq\/contacts\/","title":{"rendered":"Contacts"},"content":{"rendered":"<p>&nbsp;<\/p>\n<table style=\"text-align: center;\" border=\"0\" width=\"600\" cellspacing=\"0\" cellpadding=\"0\">\n<tbody>\n<tr>\n<td bgcolor=\"#f4f4f4\">\n<div style=\"text-align: center;\"><img loading=\"lazy\" decoding=\"async\" title=\"logo\" src=\"http:\/\/www.livrescq.com\/livrescq\/wp-content\/uploads\/2011\/01\/logo1.png\" alt=\"\" width=\"257\" height=\"80\" \/><\/div>\n<div style=\"text-align: center;\"><\/div>\n<div style=\"text-align: center;\"><img loading=\"lazy\" decoding=\"async\" class=\"wp-image-6891 aligncenter\" src=\"http:\/\/www.livrescq.com\/livrescq\/wp-content\/uploads\/2011\/01\/logo-l-de-minuit-1-copie.jpg\" alt=\"logo l de minuit - 1 copie\" width=\"109\" height=\"128\" \/><\/div>\n<p style=\"text-align: left;\">\n<\/td>\n<\/tr>\n<tr>\n<td bgcolor=\"#f4f4f4\">\n<div style=\"text-align: left;\"><strong>Adresse :<\/strong>\u00a0Maison de la presse,02 rue Farid Zouiouache Kouba- Alger<\/div>\n<p style=\"text-align: left;\"><strong>T\u00e9l. \/Fax :<\/strong> +213 23 70 95 23<\/p>\n<p style=\"text-align: left;\"><strong>T\u00e9l : <\/strong>+213 23 70 95 29\/ 0791 33 8000<\/p>\n<p style=\"text-align: left;\"><strong>Facebook :<\/strong> L&rsquo;ivrEscQ Magazine<\/p>\n<p style=\"text-align: left;\">\u00a0<strong>E-mail : <\/strong><span style=\"color: #000000;\"><a href=\"mailto:contact@livrescq.com\">contact@livrescq.com<\/a> <\/span><\/p>\n<p style=\"text-align: left;\"><strong>Directrice de la publication :<\/strong> <a href=\"mailto:n.sebkhi@livrescq.com\">n.sebkhi@livrescq.com<\/a><\/p>\n<p style=\"text-align: left;\"><strong>R\u00e9daction :<\/strong> <a href=\"mailto:redaction@livrescq.com\">redaction@livrescq.com<\/a><\/p>\n<p style=\"text-align: left;\"><strong>Editions :<\/strong> <a href=\"mailto:editions@livrescq.com\">editions@livrescq.com<\/a><\/p>\n<p style=\"text-align: left;\"><strong>Commercial :<\/strong> <a href=\"mailto:commercial@livrescq.com\">commercial@livrescq.com<\/a><\/p>\n<\/td>\n<\/tr>\n<\/tbody>\n<\/table>\n<table border=\"0\" width=\"100%\" cellspacing=\"0\" cellpadding=\"0\">\n<tbody>\n<tr>\n<td valign=\"top\" width=\"60%\">\n<div>\n<table border=\"0\" width=\"100%\" cellspacing=\"1\" cellpadding=\"1\" align=\"center\">\n<tbody>\n<tr>\n<td bgcolor=\"#fdcf72\">\n<h1>Envoyer vos manuscrits<br \/>\naux \u00e9ditions L. de Minuit<\/h1>\n<\/td>\n<\/tr>\n<tr>\n<td bgcolor=\"#fdcf72\">\n<div><img loading=\"lazy\" decoding=\"async\" title=\"envoyer-manuscrits\" src=\"http:\/\/www.livrescq.com\/livrescq\/wp-content\/uploads\/2011\/01\/envoyer-manuscrits.jpg\" alt=\"\" width=\"144\" height=\"189\" align=\"left\" \/>Publier des livres est un m\u00e9tier passionnant. Chaque ouvrage offre l\u2019occasion d\u2019une rencontre singuli\u00e8re entre l\u2019auteur, l\u2019\u00e9diteur et les lecteurs; l\u2019occasion de d\u00e9couvrir un univers particulier et unique.<br \/>\nEcrivains d\u00e9butants ou confirm\u00e9s, si vous avez un manuscrit dans un tiroir que vous aimeriez publier, nous sommes peut-\u00eatre int\u00e9ress\u00e9s\u2026<\/div>\n<p>Adressez-nous vos \u00e9crits par courriel \u00e0 l\u2019adresse :<br \/>\n<a href=\"mailto:ldeminuit.com@gmail.com\">editions@livrescq.com<\/a><\/p>\n<p>M\u00eamesi vous n\u2019avez jamais \u00e9t\u00e9 publi\u00e9 auparavant, vos \u00e9crits seront \u00e9tudi\u00e9s par notre comit\u00e9 de lecture. Romans, r\u00e9cits, nouvelles, po\u00e9sie\u2026 nos \u00e9ditions vous publieront pourvu qu\u2019ils soient de qualit\u00e9.<br \/>\nNous apportons \u00e0 chacun des ouvrages les meilleurs soins, sur le plan \u00e9ditorial bien s\u00fbr, mais aussi au niveau de la fabrication et de la commercialisation. En effet, le meilleur des livres ne pourra conna\u00eetre le succ\u00e8s qu\u2019accompagn\u00e9 d\u2019une solide action commerciale.<\/td>\n<\/tr>\n<\/tbody>\n<\/table>\n<\/div>\n<\/td>\n<td valign=\"top\" width=\"40%\">\n<div>\n<table border=\"0\" width=\"100%\" cellspacing=\"1\" cellpadding=\"1\" align=\"center\">\n<tbody>\n<tr>\n<td bgcolor=\"#008a83\">\n<div>\n<h1><span style=\"color: #ffffff;\">Le magazine<br \/>\n<span style=\"color: #ff0000;\"><strong>L\u2019ivrEscQ<\/strong><br \/>\n<\/span>offre son espace aux jeunes journalistes litt\u00e9raires \u00e0 la pige<\/span><\/h1>\n<\/div>\n<\/td>\n<\/tr>\n<tr>\n<td bgcolor=\"#008a83\">\n<div><strong><strong><span style=\"color: #ffffff;\">Si vous \u00eates un ou une jeune journaliste litt\u00e9raire souhaitant \u00e9crire des articles de fa\u00e7on sporadique ou permanente, vous pouvez, d\u00e8s maintenant, nous envoyer vote curriculum vitae et vos r\u00e9f\u00e9rences \u00e0 l\u2019adresse suivante\u00a0<\/span><a href=\"mailto:contact@livrescq.com\"><span style=\"color: #ffffff;\">contact@livrescq.com<\/span><\/a><\/strong><span style=\"color: #ffffff;\">\u00a0\u00a0\u00a0<\/span><\/strong><\/div>\n<\/td>\n<\/tr>\n<\/tbody>\n<\/table>\n<\/div>\n<\/td>\n<\/tr>\n<\/tbody>\n<\/table>\n","protected":false},"excerpt":{"rendered":"<p>&nbsp; Adresse :\u00a0Maison de la presse,02 rue Farid Zouiouache Kouba- Alger T\u00e9l. \/Fax : +213 23 70 95 23 T\u00e9l : +213 23 70 95 29\/ 0791 [&hellip;]<\/p>\n","protected":false},"author":1,"featured_media":0,"parent":0,"menu_order":6,"comment_status":"open","ping_status":"closed","template":"","meta":{"_monsterinsights_skip_tracking":false,"_monsterinsights_sitenote_active":false,"_monsterinsights_sitenote_note":"","_monsterinsights_sitenote_category":0,"footnotes":""},"class_list":["post-14","page","type-page","status-publish","hentry"],"_links":{"self":[{"href":"https:\/\/www.livrescq.com\/livrescq\/wp-json\/wp\/v2\/pages\/14","targetHints":{"allow":["GET"]}}],"collection":[{"href":"https:\/\/www.livrescq.com\/livrescq\/wp-json\/wp\/v2\/pages"}],"about":[{"href":"https:\/\/www.livrescq.com\/livrescq\/wp-json\/wp\/v2\/types\/page"}],"author":[{"embeddable":true,"href":"https:\/\/www.livrescq.com\/livrescq\/wp-json\/wp\/v2\/users\/1"}],"replies":[{"embeddable":true,"href":"https:\/\/www.livrescq.com\/livrescq\/wp-json\/wp\/v2\/comments?post=14"}],"version-history":[{"count":34,"href":"https:\/\/www.livrescq.com\/livrescq\/wp-json\/wp\/v2\/pages\/14\/revisions"}],"predecessor-version":[{"id":6892,"href":"https:\/\/www.livrescq.com\/livrescq\/wp-json\/wp\/v2\/pages\/14\/revisions\/6892"}],"wp:attachment":[{"href":"https:\/\/www.livrescq.com\/livrescq\/wp-json\/wp\/v2\/media?parent=14"}],"curies":[{"name":"wp","href":"https:\/\/api.w.org\/{rel}","templated":true}]}}