{"id":2,"date":"2011-01-13T22:16:19","date_gmt":"2011-01-13T22:16:19","guid":{"rendered":"http:\/\/www.livrescq.com\/?page_id=2"},"modified":"2019-10-25T13:02:00","modified_gmt":"2019-10-25T12:02:00","slug":"a-propos","status":"publish","type":"page","link":"https:\/\/www.livrescq.com\/livrescq\/a-propos\/","title":{"rendered":"L. De Minuit"},"content":{"rendered":"<p>La SARL L. De Minuit est une maison d\u2019\u00e9dition de distribution ayant publi\u00e9 des livres coups de c\u0153ur (Roman, po\u00e9sie) mais <img loading=\"lazy\" decoding=\"async\" class=\"alignright  wp-image-6891\" src=\"http:\/\/www.livrescq.com\/livrescq\/wp-content\/uploads\/2011\/01\/logo-l-de-minuit-1-copie.jpg\" alt=\"logo l de minuit - 1 copie\" width=\"211\" height=\"246\" \/>con\u00e7ue principalement pour la publication du magazine litt\u00e9raire L\u2019ivrEscQ.<\/p>\n<p>Sa date de parution est -de mars 2009 \u00e0 ce jour- pour la promotion des livres, des \u00e9crivains, de la litt\u00e9rature alg\u00e9rienne et la litt\u00e9rature mondiale.<\/p>\n<p>Toujours dans le cadre de la promotion des livres alg\u00e9riens mais aussi des succ\u00e8s dans le monde, les \u00e9ditions L. De Minuit par son p\u00e9riodique, le magazine litt\u00e9raire L\u2019ivrEscQ est organisateur de :<\/p>\n<p>&#8211; Rencontres litt\u00e9raires.<\/p>\n<p>&#8211; Forums litt\u00e9raires.<\/p>\n<p>&#8211; Symposiums\u2026<\/p>\n<p>&#8211; Partenaire avec le minist\u00e8re de la Culture pour un abonnement d\u2019un quota important pour une aide, mais aussi destin\u00e9 aux institutions culturelles \u00e0 travers le territoire national, les 48 wilayas pour la promotion des livres et leurs auteurs.<\/p>\n<p>Cet abonnement a eu lieu que quelques ann\u00e9es.<\/p>\n<p>L. De Minuit est aussi partenaire dans plusieurs rendez-vous culturels\u00a0: Partenariat avec l\u2019Union Europ\u00e9enne, avec des instituts culturels \u00e9trangers, des Universit\u00e9s, des Salons de livres nationaux et internationaux, des Bibloth\u00e8ques, des librairies&#8230;<\/p>\n<p><span style=\"color: #ff0000;\"><strong>Catalogue des \u00e9ditions L. De Minuit:<\/strong><\/span><\/p>\n<p>&nbsp;<\/p>\n<p>&nbsp;<\/p>\n<p>&nbsp;<\/p>\n<p>&nbsp;<\/p>\n<p>&nbsp;<\/p>\n<p>&nbsp;<\/p>\n<p>&nbsp;<\/p>\n<p>&nbsp;<\/p>\n","protected":false},"excerpt":{"rendered":"<p>La SARL L. De Minuit est une maison d\u2019\u00e9dition de distribution ayant publi\u00e9 des livres coups de c\u0153ur (Roman, po\u00e9sie) mais con\u00e7ue principalement pour la publication du [&hellip;]<\/p>\n","protected":false},"author":1,"featured_media":0,"parent":0,"menu_order":1,"comment_status":"open","ping_status":"closed","template":"","meta":{"_monsterinsights_skip_tracking":false,"_monsterinsights_sitenote_active":false,"_monsterinsights_sitenote_note":"","_monsterinsights_sitenote_category":0,"footnotes":""},"class_list":["post-2","page","type-page","status-publish","hentry"],"_links":{"self":[{"href":"https:\/\/www.livrescq.com\/livrescq\/wp-json\/wp\/v2\/pages\/2","targetHints":{"allow":["GET"]}}],"collection":[{"href":"https:\/\/www.livrescq.com\/livrescq\/wp-json\/wp\/v2\/pages"}],"about":[{"href":"https:\/\/www.livrescq.com\/livrescq\/wp-json\/wp\/v2\/types\/page"}],"author":[{"embeddable":true,"href":"https:\/\/www.livrescq.com\/livrescq\/wp-json\/wp\/v2\/users\/1"}],"replies":[{"embeddable":true,"href":"https:\/\/www.livrescq.com\/livrescq\/wp-json\/wp\/v2\/comments?post=2"}],"version-history":[{"count":34,"href":"https:\/\/www.livrescq.com\/livrescq\/wp-json\/wp\/v2\/pages\/2\/revisions"}],"predecessor-version":[{"id":6896,"href":"https:\/\/www.livrescq.com\/livrescq\/wp-json\/wp\/v2\/pages\/2\/revisions\/6896"}],"wp:attachment":[{"href":"https:\/\/www.livrescq.com\/livrescq\/wp-json\/wp\/v2\/media?parent=2"}],"curies":[{"name":"wp","href":"https:\/\/api.w.org\/{rel}","templated":true}]}}