{"id":49,"date":"2011-01-14T14:56:34","date_gmt":"2011-01-14T13:56:34","guid":{"rendered":"http:\/\/www.livrescq.com\/?page_id=49"},"modified":"2019-10-22T16:09:56","modified_gmt":"2019-10-22T15:09:56","slug":"publicite","status":"publish","type":"page","link":"https:\/\/www.livrescq.com\/livrescq\/publicite\/","title":{"rendered":"Publicit\u00e9"},"content":{"rendered":"<p><em><strong>L\u2019ivrEscQ<\/strong><\/em> est le premier magazine culturel-litt\u00e9raire alg\u00e9rien cr\u00e9e en 2008. En tant que support de m\u00e9dia ambitieux <em><strong>L\u2019ivrEscQ<\/strong><\/em> cible l\u2019actualit\u00e9 des livres, d\u2019ici et d\u2019ailleurs, des \u00e9crivains, de grands dossiers de bonne facture, des agendas des manifestations culturelles et nos archives\u2026<\/p>\n<p style=\"text-align: left;\"><em><strong>L\u2019ivrEscQ<\/strong><\/em> exhibe les tr\u00e9sors de la civilisation par la culture. Il est le seul magazine culturel-litt\u00e9raire sur le march\u00e9 alg\u00e9rien. Si votre marque souhaite s\u2019associer \u00e0 la n\u00f4tre sur les diff\u00e9rents pages de notre magazine ou sur la banni\u00e8re de notre site www.livrescq.com avec le pari de promouvoir le patrimoine culturel alg\u00e9rien face \u00e0 la mondialisation, contactez-nous au :<\/p>\n<p><strong>Service commercial :<\/strong><\/p>\n<p><strong>T\u00e9l. \/Fax :<\/strong>\u00a0+213 23 70 95 23<\/p>\n<p><strong>T\u00e9l :\u00a0<\/strong>+213 23 70 95 29\/ 0791 33 8000<\/p>\n<p><strong>Facebook :<\/strong>\u00a0L&rsquo;ivrEscQ Magazine<\/p>\n<p><strong>Email :<\/strong> <a href=\"mailto:commercial@livrescq.com\">commercial@livrescq.com<\/a><\/p>\n<p><strong>Adresse :<\/strong>\u00a0Maison de la presse,02 rue Farid Zouiouache Kouba- Alger<\/p>\n<p><img loading=\"lazy\" decoding=\"async\" class=\"aligncenter\" title=\"pub-1\" src=\"http:\/\/www.livrescq.com\/livrescq\/wp-content\/uploads\/2011\/01\/pub-1.jpg\" alt=\"\" width=\"400\" height=\"405\" \/><\/p>\n<p>&nbsp;<\/p>\n<p>&nbsp;<\/p>\n\n\t\t<style type=\"text\/css\">\n\t\t\t#gallery-1 {\n\t\t\t\tmargin: auto;\n\t\t\t}\n\t\t\t#gallery-1 .gallery-item {\n\t\t\t\tfloat: left;\n\t\t\t\tmargin-top: 10px;\n\t\t\t\ttext-align: center;\n\t\t\t\twidth: 11%;\n\t\t\t}\n\t\t\t#gallery-1 img {\n\t\t\t\tborder: 2px solid #cfcfcf;\n\t\t\t}\n\t\t\t#gallery-1 .gallery-caption {\n\t\t\t\tmargin-left: 0;\n\t\t\t}\n\t\t\t\/* see gallery_shortcode() in wp-includes\/media.php *\/\n\t\t<\/style>\n\t\t<div id='gallery-1' class='gallery galleryid-49 gallery-columns-9 gallery-size-thumbnail'><dl class='gallery-item'>\n\t\t\t<dt class='gallery-icon portrait'>\n\t\t\t\t<a href='https:\/\/www.livrescq.com\/livrescq\/lshowcase\/5670\/n-17\/'><img loading=\"lazy\" decoding=\"async\" width=\"90\" height=\"120\" src=\"https:\/\/www.livrescq.com\/livrescq\/wp-content\/uploads\/2014\/10\/N\u00b0-17.jpg\" class=\"attachment-thumbnail size-thumbnail\" alt=\"\" \/><\/a>\n\t\t\t<\/dt><\/dl><dl class='gallery-item'>\n\t\t\t<dt class='gallery-icon portrait'>\n\t\t\t\t<a href='https:\/\/www.livrescq.com\/livrescq\/lshowcase\/5670\/n-16\/'><img loading=\"lazy\" decoding=\"async\" width=\"89\" height=\"120\" src=\"https:\/\/www.livrescq.com\/livrescq\/wp-content\/uploads\/2014\/10\/N\u00b0-16.jpg\" class=\"attachment-thumbnail size-thumbnail\" alt=\"\" \/><\/a>\n\t\t\t<\/dt><\/dl><dl class='gallery-item'>\n\t\t\t<dt class='gallery-icon portrait'>\n\t\t\t\t<a href='https:\/\/www.livrescq.com\/livrescq\/lshowcase\/5670\/n-15\/'><img loading=\"lazy\" decoding=\"async\" width=\"90\" height=\"120\" src=\"https:\/\/www.livrescq.com\/livrescq\/wp-content\/uploads\/2014\/10\/N\u00b0-15.jpg\" class=\"attachment-thumbnail size-thumbnail\" alt=\"\" \/><\/a>\n\t\t\t<\/dt><\/dl><dl class='gallery-item'>\n\t\t\t<dt class='gallery-icon portrait'>\n\t\t\t\t<a href='https:\/\/www.livrescq.com\/livrescq\/lshowcase\/5670\/n-14\/'><img loading=\"lazy\" decoding=\"async\" width=\"84\" height=\"120\" src=\"https:\/\/www.livrescq.com\/livrescq\/wp-content\/uploads\/2014\/10\/N\u00b0-14.jpg\" class=\"attachment-thumbnail size-thumbnail\" alt=\"\" \/><\/a>\n\t\t\t<\/dt><\/dl><dl class='gallery-item'>\n\t\t\t<dt class='gallery-icon portrait'>\n\t\t\t\t<a href='https:\/\/www.livrescq.com\/livrescq\/lshowcase\/5670\/n-13\/'><img loading=\"lazy\" decoding=\"async\" width=\"90\" height=\"120\" src=\"https:\/\/www.livrescq.com\/livrescq\/wp-content\/uploads\/2014\/10\/N\u00b0-13.jpg\" class=\"attachment-thumbnail size-thumbnail\" alt=\"\" \/><\/a>\n\t\t\t<\/dt><\/dl><dl class='gallery-item'>\n\t\t\t<dt class='gallery-icon portrait'>\n\t\t\t\t<a href='https:\/\/www.livrescq.com\/livrescq\/lshowcase\/5670\/n-12\/'><img loading=\"lazy\" decoding=\"async\" width=\"89\" height=\"120\" src=\"https:\/\/www.livrescq.com\/livrescq\/wp-content\/uploads\/2014\/10\/N\u00b0-12.jpg\" class=\"attachment-thumbnail size-thumbnail\" alt=\"\" \/><\/a>\n\t\t\t<\/dt><\/dl><dl class='gallery-item'>\n\t\t\t<dt class='gallery-icon portrait'>\n\t\t\t\t<a href='https:\/\/www.livrescq.com\/livrescq\/lshowcase\/5670\/n-10\/'><img loading=\"lazy\" decoding=\"async\" width=\"88\" height=\"120\" src=\"https:\/\/www.livrescq.com\/livrescq\/wp-content\/uploads\/2014\/10\/N\u00b0-10.jpg\" class=\"attachment-thumbnail size-thumbnail\" alt=\"\" \/><\/a>\n\t\t\t<\/dt><\/dl><dl class='gallery-item'>\n\t\t\t<dt class='gallery-icon portrait'>\n\t\t\t\t<a href='https:\/\/www.livrescq.com\/livrescq\/lshowcase\/5670\/n-09\/'><img loading=\"lazy\" decoding=\"async\" width=\"88\" height=\"120\" src=\"https:\/\/www.livrescq.com\/livrescq\/wp-content\/uploads\/2014\/10\/N\u00b0-09.jpg\" class=\"attachment-thumbnail size-thumbnail\" alt=\"\" \/><\/a>\n\t\t\t<\/dt><\/dl><dl class='gallery-item'>\n\t\t\t<dt class='gallery-icon portrait'>\n\t\t\t\t<a href='https:\/\/www.livrescq.com\/livrescq\/lshowcase\/5670\/n-08\/'><img loading=\"lazy\" decoding=\"async\" width=\"88\" height=\"120\" src=\"https:\/\/www.livrescq.com\/livrescq\/wp-content\/uploads\/2014\/10\/N\u00b0-08.jpg\" class=\"attachment-thumbnail size-thumbnail\" alt=\"\" \/><\/a>\n\t\t\t<\/dt><\/dl><br style=\"clear: both\" \/><dl class='gallery-item'>\n\t\t\t<dt class='gallery-icon portrait'>\n\t\t\t\t<a href='https:\/\/www.livrescq.com\/livrescq\/lshowcase\/5670\/n-07\/'><img loading=\"lazy\" decoding=\"async\" width=\"88\" height=\"120\" src=\"https:\/\/www.livrescq.com\/livrescq\/wp-content\/uploads\/2014\/10\/N\u00b0-07.jpg\" class=\"attachment-thumbnail size-thumbnail\" alt=\"\" \/><\/a>\n\t\t\t<\/dt><\/dl><dl class='gallery-item'>\n\t\t\t<dt class='gallery-icon portrait'>\n\t\t\t\t<a href='https:\/\/www.livrescq.com\/livrescq\/lshowcase\/5670\/n-06\/'><img loading=\"lazy\" decoding=\"async\" width=\"88\" height=\"120\" src=\"https:\/\/www.livrescq.com\/livrescq\/wp-content\/uploads\/2014\/10\/N\u00b0-06.jpg\" class=\"attachment-thumbnail size-thumbnail\" alt=\"\" \/><\/a>\n\t\t\t<\/dt><\/dl><dl class='gallery-item'>\n\t\t\t<dt class='gallery-icon portrait'>\n\t\t\t\t<a href='https:\/\/www.livrescq.com\/livrescq\/lshowcase\/5670\/n-05\/'><img loading=\"lazy\" decoding=\"async\" width=\"88\" height=\"120\" src=\"https:\/\/www.livrescq.com\/livrescq\/wp-content\/uploads\/2014\/10\/N\u00b0-05.jpg\" class=\"attachment-thumbnail size-thumbnail\" alt=\"\" \/><\/a>\n\t\t\t<\/dt><\/dl>\n\t\t\t<br style='clear: both' \/>\n\t\t<\/div>\n\n","protected":false},"excerpt":{"rendered":"<p>L\u2019ivrEscQ est le premier magazine culturel-litt\u00e9raire alg\u00e9rien cr\u00e9e en 2008. En tant que support de m\u00e9dia ambitieux L\u2019ivrEscQ cible l\u2019actualit\u00e9 des livres, d\u2019ici et d\u2019ailleurs, des \u00e9crivains, [&hellip;]<\/p>\n","protected":false},"author":1,"featured_media":0,"parent":0,"menu_order":5,"comment_status":"open","ping_status":"closed","template":"","meta":{"_monsterinsights_skip_tracking":false,"_monsterinsights_sitenote_active":false,"_monsterinsights_sitenote_note":"","_monsterinsights_sitenote_category":0,"footnotes":""},"class_list":["post-49","page","type-page","status-publish","hentry"],"_links":{"self":[{"href":"https:\/\/www.livrescq.com\/livrescq\/wp-json\/wp\/v2\/pages\/49","targetHints":{"allow":["GET"]}}],"collection":[{"href":"https:\/\/www.livrescq.com\/livrescq\/wp-json\/wp\/v2\/pages"}],"about":[{"href":"https:\/\/www.livrescq.com\/livrescq\/wp-json\/wp\/v2\/types\/page"}],"author":[{"embeddable":true,"href":"https:\/\/www.livrescq.com\/livrescq\/wp-json\/wp\/v2\/users\/1"}],"replies":[{"embeddable":true,"href":"https:\/\/www.livrescq.com\/livrescq\/wp-json\/wp\/v2\/comments?post=49"}],"version-history":[{"count":27,"href":"https:\/\/www.livrescq.com\/livrescq\/wp-json\/wp\/v2\/pages\/49\/revisions"}],"predecessor-version":[{"id":6890,"href":"https:\/\/www.livrescq.com\/livrescq\/wp-json\/wp\/v2\/pages\/49\/revisions\/6890"}],"wp:attachment":[{"href":"https:\/\/www.livrescq.com\/livrescq\/wp-json\/wp\/v2\/media?parent=49"}],"curies":[{"name":"wp","href":"https:\/\/api.w.org\/{rel}","templated":true}]}}